{"id":11985,"date":"2023-10-03T23:22:10","date_gmt":"2023-10-03T23:22:10","guid":{"rendered":"https:\/\/hotelbahia.mx\/?page_id=11985"},"modified":"2023-11-02T18:50:11","modified_gmt":"2023-11-02T18:50:11","slug":"instalaciones","status":"publish","type":"page","link":"https:\/\/hotelbahia.mx\/mx\/instalaciones\/","title":{"rendered":"Instalaciones"},"content":{"rendered":"\t\t<div data-elementor-type=\"wp-page\" data-elementor-id=\"11985\" class=\"elementor elementor-11985\" data-elementor-post-type=\"page\">\n\t\t\t\t<div class=\"elementor-element elementor-element-3bf5238 e-flex e-con-boxed e-con e-parent\" data-id=\"3bf5238\" data-element_type=\"container\" data-settings=\"{&quot;background_background&quot;:&quot;classic&quot;}\">\n\t\t\t\t\t<div class=\"e-con-inner\">\n\t\t<div class=\"elementor-element elementor-element-2e4c3d9 e-con-full e-flex e-con e-child\" data-id=\"2e4c3d9\" data-element_type=\"container\">\n\t\t\t\t<div class=\"elementor-element elementor-element-623a154 elementor-widget elementor-widget-heading\" data-id=\"623a154\" data-element_type=\"widget\" data-widget_type=\"heading.default\">\n\t\t\t\t<div class=\"elementor-widget-container\">\n\t\t\t\t\t<h2 class=\"elementor-heading-title elementor-size-default\">CONTAMOS CON COMODAS HABITACIONES, ADAPTADAS A TU NECESIDAD Y AL N\u00daMERO DE PERSONAS QUE SE REQUIERAN DESDE INDIVIDUAL HASTA HABITACI\u00d3N CUADRUPLE PARA 8 PERSONAS.<\/h2>\t\t\t\t<\/div>\n\t\t\t\t<\/div>\n\t\t\t\t<\/div>\n\t\t\t\t\t<\/div>\n\t\t\t\t<\/div>\n\t\t<div class=\"elementor-element elementor-element-33f53a0 e-flex e-con-boxed e-con e-parent\" data-id=\"33f53a0\" data-element_type=\"container\">\n\t\t\t\t\t<div class=\"e-con-inner\">\n\t\t<div class=\"elementor-element elementor-element-78b2e75 e-con-full e-flex e-con e-child\" data-id=\"78b2e75\" data-element_type=\"container\">\n\t\t\t\t<div class=\"elementor-element elementor-element-b920ebd elementor-widget elementor-widget-image\" data-id=\"b920ebd\" data-element_type=\"widget\" data-widget_type=\"image.default\">\n\t\t\t\t<div class=\"elementor-widget-container\">\n\t\t\t\t\t\t\t\t\t\t\t\t\t\t\t<img fetchpriority=\"high\" decoding=\"async\" width=\"1024\" height=\"683\" src=\"https:\/\/hotelbahia.mx\/wp-content\/uploads\/2023\/10\/Sencilla--1024x683.jpg\" class=\"attachment-large size-large wp-image-12136\" alt=\"\" srcset=\"https:\/\/hotelbahia.mx\/wp-content\/uploads\/2023\/10\/Sencilla--1024x683.jpg 1024w, https:\/\/hotelbahia.mx\/wp-content\/uploads\/2023\/10\/Sencilla--300x200.jpg 300w, https:\/\/hotelbahia.mx\/wp-content\/uploads\/2023\/10\/Sencilla--768x512.jpg 768w, https:\/\/hotelbahia.mx\/wp-content\/uploads\/2023\/10\/Sencilla--600x400.jpg 600w, https:\/\/hotelbahia.mx\/wp-content\/uploads\/2023\/10\/Sencilla-.jpg 1500w\" sizes=\"(max-width: 1024px) 100vw, 1024px\" \/>\t\t\t\t\t\t\t\t\t\t\t\t\t\t\t<\/div>\n\t\t\t\t<\/div>\n\t\t\t\t<div class=\"elementor-element elementor-element-4ad532d elementor-widget elementor-widget-heading\" data-id=\"4ad532d\" data-element_type=\"widget\" data-widget_type=\"heading.default\">\n\t\t\t\t<div class=\"elementor-widget-container\">\n\t\t\t\t\t<h2 class=\"elementor-heading-title elementor-size-default\">Habitaci\u00f3n Sencilla<\/h2>\t\t\t\t<\/div>\n\t\t\t\t<\/div>\n\t\t\t\t<\/div>\n\t\t<div class=\"elementor-element elementor-element-184e03b e-con-full e-flex e-con e-child\" data-id=\"184e03b\" data-element_type=\"container\">\n\t\t\t\t<div class=\"elementor-element elementor-element-5d78f22 elementor-widget elementor-widget-image\" data-id=\"5d78f22\" data-element_type=\"widget\" data-widget_type=\"image.default\">\n\t\t\t\t<div class=\"elementor-widget-container\">\n\t\t\t\t\t\t\t\t\t\t\t\t\t\t\t<img decoding=\"async\" width=\"1024\" height=\"683\" src=\"https:\/\/hotelbahia.mx\/wp-content\/uploads\/2023\/10\/Doble-1024x683.jpg\" class=\"attachment-large size-large wp-image-12137\" alt=\"\" srcset=\"https:\/\/hotelbahia.mx\/wp-content\/uploads\/2023\/10\/Doble-1024x683.jpg 1024w, https:\/\/hotelbahia.mx\/wp-content\/uploads\/2023\/10\/Doble-300x200.jpg 300w, https:\/\/hotelbahia.mx\/wp-content\/uploads\/2023\/10\/Doble-768x512.jpg 768w, https:\/\/hotelbahia.mx\/wp-content\/uploads\/2023\/10\/Doble-600x400.jpg 600w, https:\/\/hotelbahia.mx\/wp-content\/uploads\/2023\/10\/Doble.jpg 1500w\" sizes=\"(max-width: 1024px) 100vw, 1024px\" \/>\t\t\t\t\t\t\t\t\t\t\t\t\t\t\t<\/div>\n\t\t\t\t<\/div>\n\t\t\t\t<div class=\"elementor-element elementor-element-6b0bc45 elementor-widget elementor-widget-heading\" data-id=\"6b0bc45\" data-element_type=\"widget\" data-widget_type=\"heading.default\">\n\t\t\t\t<div class=\"elementor-widget-container\">\n\t\t\t\t\t<h2 class=\"elementor-heading-title elementor-size-default\">Habitaci\u00f3n Doble<\/h2>\t\t\t\t<\/div>\n\t\t\t\t<\/div>\n\t\t\t\t<\/div>\n\t\t\t\t\t<\/div>\n\t\t\t\t<\/div>\n\t\t<div class=\"elementor-element elementor-element-07de354 e-flex e-con-boxed e-con e-parent\" data-id=\"07de354\" data-element_type=\"container\">\n\t\t\t\t\t<div class=\"e-con-inner\">\n\t\t<div class=\"elementor-element elementor-element-fad7418 e-con-full e-flex e-con e-child\" data-id=\"fad7418\" data-element_type=\"container\">\n\t\t\t\t<div class=\"elementor-element elementor-element-4b919d6 elementor-widget elementor-widget-image\" data-id=\"4b919d6\" data-element_type=\"widget\" data-widget_type=\"image.default\">\n\t\t\t\t<div class=\"elementor-widget-container\">\n\t\t\t\t\t\t\t\t\t\t\t\t\t\t\t<img decoding=\"async\" width=\"1024\" height=\"683\" src=\"https:\/\/hotelbahia.mx\/wp-content\/uploads\/2023\/10\/Triple--1024x683.jpg\" class=\"attachment-large size-large wp-image-12138\" alt=\"\" srcset=\"https:\/\/hotelbahia.mx\/wp-content\/uploads\/2023\/10\/Triple--1024x683.jpg 1024w, https:\/\/hotelbahia.mx\/wp-content\/uploads\/2023\/10\/Triple--300x200.jpg 300w, https:\/\/hotelbahia.mx\/wp-content\/uploads\/2023\/10\/Triple--768x512.jpg 768w, https:\/\/hotelbahia.mx\/wp-content\/uploads\/2023\/10\/Triple--600x400.jpg 600w, https:\/\/hotelbahia.mx\/wp-content\/uploads\/2023\/10\/Triple-.jpg 1500w\" sizes=\"(max-width: 1024px) 100vw, 1024px\" \/>\t\t\t\t\t\t\t\t\t\t\t\t\t\t\t<\/div>\n\t\t\t\t<\/div>\n\t\t\t\t<div class=\"elementor-element elementor-element-26699b2 elementor-widget elementor-widget-heading\" data-id=\"26699b2\" data-element_type=\"widget\" data-widget_type=\"heading.default\">\n\t\t\t\t<div class=\"elementor-widget-container\">\n\t\t\t\t\t<h2 class=\"elementor-heading-title elementor-size-default\">Habitaci\u00f3n Triple<\/h2>\t\t\t\t<\/div>\n\t\t\t\t<\/div>\n\t\t\t\t<\/div>\n\t\t<div class=\"elementor-element elementor-element-6f2d660 e-con-full e-flex e-con e-child\" data-id=\"6f2d660\" data-element_type=\"container\">\n\t\t\t\t<div class=\"elementor-element elementor-element-4c0a180 elementor-widget elementor-widget-image\" data-id=\"4c0a180\" data-element_type=\"widget\" data-widget_type=\"image.default\">\n\t\t\t\t<div class=\"elementor-widget-container\">\n\t\t\t\t\t\t\t\t\t\t\t\t\t\t\t<img loading=\"lazy\" decoding=\"async\" width=\"1024\" height=\"683\" src=\"https:\/\/hotelbahia.mx\/wp-content\/uploads\/2023\/10\/Cuadruple-1024x683.jpg\" class=\"attachment-large size-large wp-image-12139\" alt=\"\" srcset=\"https:\/\/hotelbahia.mx\/wp-content\/uploads\/2023\/10\/Cuadruple-1024x683.jpg 1024w, https:\/\/hotelbahia.mx\/wp-content\/uploads\/2023\/10\/Cuadruple-300x200.jpg 300w, https:\/\/hotelbahia.mx\/wp-content\/uploads\/2023\/10\/Cuadruple-768x512.jpg 768w, https:\/\/hotelbahia.mx\/wp-content\/uploads\/2023\/10\/Cuadruple-600x400.jpg 600w, https:\/\/hotelbahia.mx\/wp-content\/uploads\/2023\/10\/Cuadruple.jpg 1500w\" sizes=\"(max-width: 1024px) 100vw, 1024px\" \/>\t\t\t\t\t\t\t\t\t\t\t\t\t\t\t<\/div>\n\t\t\t\t<\/div>\n\t\t\t\t<div class=\"elementor-element elementor-element-01c6d84 elementor-widget elementor-widget-heading\" data-id=\"01c6d84\" data-element_type=\"widget\" data-widget_type=\"heading.default\">\n\t\t\t\t<div class=\"elementor-widget-container\">\n\t\t\t\t\t<h2 class=\"elementor-heading-title elementor-size-default\">Habitaci\u00f3n Cuadruple<\/h2>\t\t\t\t<\/div>\n\t\t\t\t<\/div>\n\t\t\t\t<\/div>\n\t\t\t\t\t<\/div>\n\t\t\t\t<\/div>\n\t\t<div class=\"elementor-element elementor-element-8b36d5d e-flex e-con-boxed e-con e-parent\" data-id=\"8b36d5d\" data-element_type=\"container\">\n\t\t\t\t\t<div class=\"e-con-inner\">\n\t\t<div class=\"elementor-element elementor-element-29be5fb e-con-full e-flex e-con e-child\" data-id=\"29be5fb\" data-element_type=\"container\">\n\t\t\t\t<\/div>\n\t\t<div class=\"elementor-element elementor-element-296bfb7 e-con-full e-flex e-con e-child\" data-id=\"296bfb7\" data-element_type=\"container\">\n\t\t\t\t<div class=\"elementor-element elementor-element-6c966a5 elementor-widget elementor-widget-image\" data-id=\"6c966a5\" data-element_type=\"widget\" data-widget_type=\"image.default\">\n\t\t\t\t<div class=\"elementor-widget-container\">\n\t\t\t\t\t\t\t\t\t\t\t\t\t\t\t<img loading=\"lazy\" decoding=\"async\" width=\"1024\" height=\"683\" src=\"https:\/\/hotelbahia.mx\/wp-content\/uploads\/2023\/11\/WE0A3832-1024x683.png\" class=\"attachment-large size-large wp-image-12393\" alt=\"\" srcset=\"https:\/\/hotelbahia.mx\/wp-content\/uploads\/2023\/11\/WE0A3832-1024x683.png 1024w, https:\/\/hotelbahia.mx\/wp-content\/uploads\/2023\/11\/WE0A3832-300x200.png 300w, https:\/\/hotelbahia.mx\/wp-content\/uploads\/2023\/11\/WE0A3832-768x512.png 768w, https:\/\/hotelbahia.mx\/wp-content\/uploads\/2023\/11\/WE0A3832-1536x1024.png 1536w, https:\/\/hotelbahia.mx\/wp-content\/uploads\/2023\/11\/WE0A3832-2048x1365.png 2048w, https:\/\/hotelbahia.mx\/wp-content\/uploads\/2023\/11\/WE0A3832-18x12.png 18w, https:\/\/hotelbahia.mx\/wp-content\/uploads\/2023\/11\/WE0A3832-600x400.png 600w\" sizes=\"(max-width: 1024px) 100vw, 1024px\" \/>\t\t\t\t\t\t\t\t\t\t\t\t\t\t\t<\/div>\n\t\t\t\t<\/div>\n\t\t\t\t<div class=\"elementor-element elementor-element-97cdd66 elementor-widget elementor-widget-heading\" data-id=\"97cdd66\" data-element_type=\"widget\" data-widget_type=\"heading.default\">\n\t\t\t\t<div class=\"elementor-widget-container\">\n\t\t\t\t\t<h2 class=\"elementor-heading-title elementor-size-default\">Habitaci\u00f3n Jacuzzi <\/h2>\t\t\t\t<\/div>\n\t\t\t\t<\/div>\n\t\t\t\t<\/div>\n\t\t<div class=\"elementor-element elementor-element-fbb1b31 e-con-full e-flex e-con e-child\" data-id=\"fbb1b31\" data-element_type=\"container\">\n\t\t\t\t<\/div>\n\t\t\t\t\t<\/div>\n\t\t\t\t<\/div>\n\t\t\t\t<\/div>\n\t\t","protected":false},"excerpt":{"rendered":"<p>CONTAMOS CON COMODAS HABITACIONES, ADAPTADAS A TU NECESIDAD Y AL N\u00daMERO DE PERSONAS QUE SE REQUIERAN DESDE INDIVIDUAL HASTA HABITACI\u00d3N CUADRUPLE PARA 8 PERSONAS. Habitaci\u00f3n Sencilla Habitaci\u00f3n Doble Habitaci\u00f3n Triple Habitaci\u00f3n Cuadruple Habitaci\u00f3n Jacuzzi<\/p>\n","protected":false},"author":1,"featured_media":0,"parent":0,"menu_order":0,"comment_status":"closed","ping_status":"closed","template":"elementor_header_footer","meta":{"_joinchat":[],"footnotes":""},"class_list":["post-11985","page","type-page","status-publish","hentry"],"_links":{"self":[{"href":"https:\/\/hotelbahia.mx\/mx\/wp-json\/wp\/v2\/pages\/11985","targetHints":{"allow":["GET"]}}],"collection":[{"href":"https:\/\/hotelbahia.mx\/mx\/wp-json\/wp\/v2\/pages"}],"about":[{"href":"https:\/\/hotelbahia.mx\/mx\/wp-json\/wp\/v2\/types\/page"}],"author":[{"embeddable":true,"href":"https:\/\/hotelbahia.mx\/mx\/wp-json\/wp\/v2\/users\/1"}],"replies":[{"embeddable":true,"href":"https:\/\/hotelbahia.mx\/mx\/wp-json\/wp\/v2\/comments?post=11985"}],"version-history":[{"count":31,"href":"https:\/\/hotelbahia.mx\/mx\/wp-json\/wp\/v2\/pages\/11985\/revisions"}],"predecessor-version":[{"id":12396,"href":"https:\/\/hotelbahia.mx\/mx\/wp-json\/wp\/v2\/pages\/11985\/revisions\/12396"}],"wp:attachment":[{"href":"https:\/\/hotelbahia.mx\/mx\/wp-json\/wp\/v2\/media?parent=11985"}],"curies":[{"name":"wp","href":"https:\/\/api.w.org\/{rel}","templated":true}]}}